{"id":16,"date":"2018-04-04T16:29:53","date_gmt":"2018-04-04T14:29:53","guid":{"rendered":"https:\/\/www.mercier.com\/fr\/?page_id=16"},"modified":"2018-09-28T09:54:12","modified_gmt":"2018-09-28T07:54:12","slug":"accueil","status":"publish","type":"page","link":"https:\/\/www.mercier.com\/fr\/","title":{"rendered":"Accueil"},"content":{"rendered":"","protected":false},"excerpt":{"rendered":"","protected":false},"author":1,"featured_media":0,"parent":0,"menu_order":0,"comment_status":"closed","ping_status":"closed","template":"template_home.php","meta":[],"acf":[],"yoast_head":"<!-- This site is optimized with the Yoast SEO plugin v20.4 - https:\/\/yoast.com\/wordpress\/plugins\/seo\/ -->\n<title>Mercier &amp; Cie | Commissaires-Priseurs Associ\u00e9s | Auctioneers<\/title>\n<meta name=\"description\" content=\"Mercier &amp; Cie, comissaires-priseurs associ\u00e9s, sp\u00e9cialistes des ench\u00e8res : de v\u00e9hicules, judiciaires, de poids lourds, de mat\u00e9riels TP et d&#039;art!\" \/>\n<meta name=\"robots\" content=\"index, follow, max-snippet:-1, max-image-preview:large, max-video-preview:-1\" \/>\n<link rel=\"canonical\" href=\"https:\/\/www.mercier.com\/fr\/\" \/>\n<meta property=\"og:locale\" content=\"en_US\" \/>\n<meta property=\"og:type\" content=\"article\" \/>\n<meta property=\"og:title\" content=\"Mercier &amp; Cie | Commissaires-Priseurs Associ\u00e9s | Auctioneers\" \/>\n<meta property=\"og:description\" content=\"Mercier &amp; Cie, comissaires-priseurs associ\u00e9s, sp\u00e9cialistes des ench\u00e8res : de v\u00e9hicules, judiciaires, de poids lourds, de mat\u00e9riels TP et d&#039;art!\" \/>\n<meta property=\"og:url\" content=\"https:\/\/www.mercier.com\/fr\/\" \/>\n<meta property=\"og:site_name\" content=\"Mercier &amp; Cie | Commissaires-Priseurs Associ\u00e9s | Auctioneers\" \/>\n<meta property=\"article:modified_time\" content=\"2018-09-28T07:54:12+00:00\" \/>\n<meta name=\"twitter:card\" content=\"summary_large_image\" \/>\n<script type=\"application\/ld+json\" class=\"yoast-schema-graph\">{\"@context\":\"https:\/\/schema.org\",\"@graph\":[{\"@type\":\"WebPage\",\"@id\":\"https:\/\/www.mercier.com\/fr\/\",\"url\":\"https:\/\/www.mercier.com\/fr\/\",\"name\":\"Mercier & Cie | Commissaires-Priseurs Associ\u00e9s | Auctioneers\",\"isPartOf\":{\"@id\":\"https:\/\/www.mercier.com\/fr\/#website\"},\"datePublished\":\"2018-04-04T14:29:53+00:00\",\"dateModified\":\"2018-09-28T07:54:12+00:00\",\"description\":\"Mercier & Cie, comissaires-priseurs associ\u00e9s, sp\u00e9cialistes des ench\u00e8res : de v\u00e9hicules, judiciaires, de poids lourds, de mat\u00e9riels TP et d'art!\",\"breadcrumb\":{\"@id\":\"https:\/\/www.mercier.com\/fr\/#breadcrumb\"},\"inLanguage\":\"en-US\",\"potentialAction\":[{\"@type\":\"ReadAction\",\"target\":[\"https:\/\/www.mercier.com\/fr\/\"]}]},{\"@type\":\"BreadcrumbList\",\"@id\":\"https:\/\/www.mercier.com\/fr\/#breadcrumb\",\"itemListElement\":[{\"@type\":\"ListItem\",\"position\":1,\"name\":\"Home\",\"item\":\"https:\/\/www.mercier.com\/fr\/\"},{\"@type\":\"ListItem\",\"position\":2,\"name\":\"Accueil\"}]},{\"@type\":\"WebSite\",\"@id\":\"https:\/\/www.mercier.com\/fr\/#website\",\"url\":\"https:\/\/www.mercier.com\/fr\/\",\"name\":\"Mercier &amp; Cie | Commissaires-Priseurs Associ\u00e9s | Auctioneers\",\"description\":\"Commissaires-Priseurs\",\"potentialAction\":[{\"@type\":\"SearchAction\",\"target\":{\"@type\":\"EntryPoint\",\"urlTemplate\":\"https:\/\/www.mercier.com\/fr\/?s={search_term_string}\"},\"query-input\":\"required name=search_term_string\"}],\"inLanguage\":\"en-US\"}]}<\/script>\n<!-- \/ Yoast SEO plugin. -->","yoast_head_json":{"title":"Mercier & Cie | Commissaires-Priseurs Associ\u00e9s | Auctioneers","description":"Mercier & Cie, comissaires-priseurs associ\u00e9s, sp\u00e9cialistes des ench\u00e8res : de v\u00e9hicules, judiciaires, de poids lourds, de mat\u00e9riels TP et d'art!","robots":{"index":"index","follow":"follow","max-snippet":"max-snippet:-1","max-image-preview":"max-image-preview:large","max-video-preview":"max-video-preview:-1"},"canonical":"https:\/\/www.mercier.com\/fr\/","og_locale":"en_US","og_type":"article","og_title":"Mercier & Cie | Commissaires-Priseurs Associ\u00e9s | Auctioneers","og_description":"Mercier & Cie, comissaires-priseurs associ\u00e9s, sp\u00e9cialistes des ench\u00e8res : de v\u00e9hicules, judiciaires, de poids lourds, de mat\u00e9riels TP et d'art!","og_url":"https:\/\/www.mercier.com\/fr\/","og_site_name":"Mercier &amp; Cie | Commissaires-Priseurs Associ\u00e9s | Auctioneers","article_modified_time":"2018-09-28T07:54:12+00:00","twitter_card":"summary_large_image","schema":{"@context":"https:\/\/schema.org","@graph":[{"@type":"WebPage","@id":"https:\/\/www.mercier.com\/fr\/","url":"https:\/\/www.mercier.com\/fr\/","name":"Mercier & Cie | Commissaires-Priseurs Associ\u00e9s | Auctioneers","isPartOf":{"@id":"https:\/\/www.mercier.com\/fr\/#website"},"datePublished":"2018-04-04T14:29:53+00:00","dateModified":"2018-09-28T07:54:12+00:00","description":"Mercier & Cie, comissaires-priseurs associ\u00e9s, sp\u00e9cialistes des ench\u00e8res : de v\u00e9hicules, judiciaires, de poids lourds, de mat\u00e9riels TP et d'art!","breadcrumb":{"@id":"https:\/\/www.mercier.com\/fr\/#breadcrumb"},"inLanguage":"en-US","potentialAction":[{"@type":"ReadAction","target":["https:\/\/www.mercier.com\/fr\/"]}]},{"@type":"BreadcrumbList","@id":"https:\/\/www.mercier.com\/fr\/#breadcrumb","itemListElement":[{"@type":"ListItem","position":1,"name":"Home","item":"https:\/\/www.mercier.com\/fr\/"},{"@type":"ListItem","position":2,"name":"Accueil"}]},{"@type":"WebSite","@id":"https:\/\/www.mercier.com\/fr\/#website","url":"https:\/\/www.mercier.com\/fr\/","name":"Mercier &amp; Cie | Commissaires-Priseurs Associ\u00e9s | Auctioneers","description":"Commissaires-Priseurs","potentialAction":[{"@type":"SearchAction","target":{"@type":"EntryPoint","urlTemplate":"https:\/\/www.mercier.com\/fr\/?s={search_term_string}"},"query-input":"required name=search_term_string"}],"inLanguage":"en-US"}]}},"_links":{"self":[{"href":"https:\/\/www.mercier.com\/fr\/wp-json\/wp\/v2\/pages\/16"}],"collection":[{"href":"https:\/\/www.mercier.com\/fr\/wp-json\/wp\/v2\/pages"}],"about":[{"href":"https:\/\/www.mercier.com\/fr\/wp-json\/wp\/v2\/types\/page"}],"author":[{"embeddable":true,"href":"https:\/\/www.mercier.com\/fr\/wp-json\/wp\/v2\/users\/1"}],"replies":[{"embeddable":true,"href":"https:\/\/www.mercier.com\/fr\/wp-json\/wp\/v2\/comments?post=16"}],"version-history":[{"count":5,"href":"https:\/\/www.mercier.com\/fr\/wp-json\/wp\/v2\/pages\/16\/revisions"}],"predecessor-version":[{"id":337,"href":"https:\/\/www.mercier.com\/fr\/wp-json\/wp\/v2\/pages\/16\/revisions\/337"}],"wp:attachment":[{"href":"https:\/\/www.mercier.com\/fr\/wp-json\/wp\/v2\/media?parent=16"}],"curies":[{"name":"wp","href":"https:\/\/api.w.org\/{rel}","templated":true}]}}