{"id":2520,"date":"2011-02-24T20:08:21","date_gmt":"2011-02-24T18:08:21","guid":{"rendered":"http:\/\/www.mercier.com\/judiciaire\/?page_id=2520"},"modified":"2011-02-25T12:33:29","modified_gmt":"2011-02-25T10:33:29","slug":"newsletter","status":"publish","type":"page","link":"https:\/\/www.mercier.com\/judiciaire\/?page_id=2520","title":{"rendered":"Newsletter"},"content":{"rendered":"<p>Si vous souhaitez recevoir le petit journal pour les biens d&rsquo;\u00e9quipement par e-mail, voici un formulaire o\u00f9 nous laisser vos coordonn\u00e9es.<br \/>\nVous ne recevrez pas plus de 2 ou 3 emails par mois.<\/p>\n<div class=\"mmf\" id=\"mmf-f1-p2520-o1\">\n<form action=\"\/judiciaire\/index.php?rest_route=%2Fwp%2Fv2%2Fpages%2F2520#mmf-f1-p2520-o1\" method=\"post\" class=\"mmf-form\" enctype=\"multipart\/form-data\"><input type=\"hidden\" name=\"_mmf\" value=\"1\" \/><input type=\"hidden\" name=\"_mmf_success_url\" value=\"http:\/\/www.mercier.com\/judiciaire\/?page_id=4871\" \/><input type=\"hidden\" name=\"_mmf_failure_url\" value=\"\" \/><input type=\"hidden\" name=\"_mmf_unit_tag\" value=\"mmf-f1-p2520-o1\" \/><input type=\"hidden\" name=\"page_post_id\" value=\"\" \/><input type=\"hidden\" name=\"page_post_title\" value=\"\" \/>\n<p><label>Nom ou Soci\u00e9t\u00e9 (obligatoire)<br \/>\n    <span class=\"mmf-form-control-wrap nom\">&nbsp;<input type=\"text\"  name=\"nom\" value=\"\" class=\"mmf-validates-as-required\" size=\"40\" \/><\/span> <\/label><\/p>\n<p><label>Email (obligatoire)<br \/>\n    <span class=\"mmf-form-control-wrap email\">&nbsp;<input type=\"text\"  name=\"email\" value=\"\" class=\"mmf-validates-as-email mmf-validates-as-required\" size=\"40\" \/><\/span> <\/label><\/p>\n<p><label>Domaine d&rsquo;activit\u00e9<br \/>\n    <span class=\"mmf-form-control-wrap activity\">&nbsp;<input type=\"text\"  name=\"activity\" value=\"\" size=\"40\" \/><\/span> <\/label><\/p>\n<p>Veuillez recopier le code s.v.p<\/p>\n<p><label for=\"captcha-833\"><\/label><\/p>\n<p><input type=\"hidden\" id=\"_mmf_captcha_challenge_captcha-833\" name=\"_mmf_captcha_challenge_captcha-833\" value=\"2114635181\" \/><img decoding=\"async\" loading=\"lazy\" alt=\"captcha\" src=\"http:\/\/www.mercier.com\/judiciaire\/wp-content\/plugins\/mm-forms\/captcha\/tmp\/2114635181.png\" class=\"mmf-captcha-captcha-833\" width=\"72\" height=\"24\" \/><br\/><span class=\"mmf-form-control-wrap captcha-833\">&nbsp;<input type=\"text\"  name=\"captcha-833\" value=\"\" size=\"40\" \/><\/span><\/p>\n<p><label for=\"Validez\">Envoyez<\/label><input type=\"submit\" value=\"Validez\" \/> <img decoding=\"async\" class=\"ajax-loader\" style=\"visibility: hidden;\" alt=\"ajax loader\" src=\"http:\/\/www.mercier.com\/judiciaire\/wp-content\/plugins\/mm-forms\/images\/ajax-loader.gif\" \/><\/p>\n<\/form>\n<div class=\"mmf-response-output\"><\/div>\n<\/div>\n","protected":false},"excerpt":{"rendered":"<p>Si vous souhaitez recevoir le petit journal pour les biens d&rsquo;\u00e9quipement par e-mail, voici un formulaire o\u00f9 nous laisser vos coordonn\u00e9es. Vous ne recevrez pas plus de 2 ou 3 emails par mois. Nom ou Soci\u00e9t\u00e9 (obligatoire) &nbsp; Email (obligatoire) &nbsp; Domaine d&rsquo;activit\u00e9 &nbsp; Veuillez recopier le code s.v.p &nbsp; Envoyez<\/p>\n","protected":false},"author":1,"featured_media":0,"parent":0,"menu_order":0,"comment_status":"closed","ping_status":"closed","template":"","meta":[],"_links":{"self":[{"href":"https:\/\/www.mercier.com\/judiciaire\/index.php?rest_route=\/wp\/v2\/pages\/2520"}],"collection":[{"href":"https:\/\/www.mercier.com\/judiciaire\/index.php?rest_route=\/wp\/v2\/pages"}],"about":[{"href":"https:\/\/www.mercier.com\/judiciaire\/index.php?rest_route=\/wp\/v2\/types\/page"}],"author":[{"embeddable":true,"href":"https:\/\/www.mercier.com\/judiciaire\/index.php?rest_route=\/wp\/v2\/users\/1"}],"replies":[{"embeddable":true,"href":"https:\/\/www.mercier.com\/judiciaire\/index.php?rest_route=%2Fwp%2Fv2%2Fcomments&post=2520"}],"version-history":[{"count":5,"href":"https:\/\/www.mercier.com\/judiciaire\/index.php?rest_route=\/wp\/v2\/pages\/2520\/revisions"}],"predecessor-version":[{"id":2526,"href":"https:\/\/www.mercier.com\/judiciaire\/index.php?rest_route=\/wp\/v2\/pages\/2520\/revisions\/2526"}],"wp:attachment":[{"href":"https:\/\/www.mercier.com\/judiciaire\/index.php?rest_route=%2Fwp%2Fv2%2Fmedia&parent=2520"}],"curies":[{"name":"wp","href":"https:\/\/api.w.org\/{rel}","templated":true}]}}